{"id":15,"date":"2022-01-21T11:46:31","date_gmt":"2022-01-21T14:46:31","guid":{"rendered":"https:\/\/maminfo.com.br\/wifi\/?page_id=15"},"modified":"2022-02-07T11:17:44","modified_gmt":"2022-02-07T14:17:44","slug":"analise-de-espectro-wi-fi","status":"publish","type":"page","link":"https:\/\/maminfo.com.br\/wifi\/analise-de-espectro-wi-fi\/","title":{"rendered":"An\u00e1lise de Espectro Wi-Fi"},"content":{"rendered":"\t\t<div data-elementor-type=\"wp-page\" data-elementor-id=\"15\" class=\"elementor elementor-15\" data-elementor-post-type=\"page\">\n\t\t\t\t\t\t<div class=\"elementor-section elementor-top-section elementor-element elementor-element-769b035 elementor-section-height-min-height elementor-section-content-middle elementor-section-boxed elementor-section-height-default elementor-section-items-middle\" data-id=\"769b035\" data-element_type=\"section\" data-settings=\"{&quot;background_background&quot;:&quot;classic&quot;}\">\n\t\t\t\t\t\t<div class=\"elementor-container elementor-column-gap-default\">\n\t\t\t\t\t<div class=\"elementor-column elementor-col-50 elementor-top-column elementor-element elementor-element-fe38a3f\" data-id=\"fe38a3f\" data-element_type=\"column\">\n\t\t\t<div class=\"elementor-widget-wrap elementor-element-populated\">\n\t\t\t\t\t\t<div class=\"elementor-element elementor-element-45f55f8 elementor-widget elementor-widget-text-editor\" data-id=\"45f55f8\" data-element_type=\"widget\" data-widget_type=\"text-editor.default\">\n\t\t\t\t\t\t\t\t\t<p>A an\u00e1lise de espectro WiFi \u00e9 o processo de medir o sinal WiFi em uma determinada \u00e1rea e determinar a sua for\u00e7a. Uma an\u00e1lise de espectro Wi-Fi \u00e9 normalmente realizada para buscar interfer\u00eancias que impactam negativamente o desempenho da rede sem fio a fim de elimin\u00e1-las.<\/p>\t\t\t\t\t\t\t\t<\/div>\n\t\t\t\t<div class=\"elementor-element elementor-element-6403abc elementor-mobile-align-center elementor-widget elementor-widget-button\" data-id=\"6403abc\" data-element_type=\"widget\" data-widget_type=\"button.default\">\n\t\t\t\t\t\t\t\t\t\t<a class=\"elementor-button elementor-button-link elementor-size-sm\" href=\"#fale-conosco\">\n\t\t\t\t\t\t<span class=\"elementor-button-content-wrapper\">\n\t\t\t\t\t\t\t\t\t<span class=\"elementor-button-text\">Entre em contato<\/span>\n\t\t\t\t\t<\/span>\n\t\t\t\t\t<\/a>\n\t\t\t\t\t\t\t\t<\/div>\n\t\t\t\t\t<\/div>\n\t\t<\/div>\n\t\t\t\t<div class=\"elementor-column elementor-col-50 elementor-top-column elementor-element elementor-element-c62cbfc\" data-id=\"c62cbfc\" data-element_type=\"column\" data-settings=\"{&quot;background_background&quot;:&quot;classic&quot;}\">\n\t\t\t<div class=\"elementor-widget-wrap elementor-element-populated\">\n\t\t\t\t\t\t<div class=\"elementor-element elementor-element-1e77777 elementor-widget elementor-widget-image\" data-id=\"1e77777\" data-element_type=\"widget\" data-widget_type=\"image.default\">\n\t\t\t\t\t\t\t\t\t\t\t\t\t\t\t<img fetchpriority=\"high\" decoding=\"async\" width=\"1128\" height=\"799\" src=\"https:\/\/maminfo.com.br\/wifi\/wp-content\/uploads\/2022\/01\/1_oLwDBMc_iisSkUuzsYauyg.png\" class=\"attachment-full size-full wp-image-256\" alt=\"\" srcset=\"https:\/\/maminfo.com.br\/wifi\/wp-content\/uploads\/2022\/01\/1_oLwDBMc_iisSkUuzsYauyg.png 1128w, https:\/\/maminfo.com.br\/wifi\/wp-content\/uploads\/2022\/01\/1_oLwDBMc_iisSkUuzsYauyg-300x213.png 300w, https:\/\/maminfo.com.br\/wifi\/wp-content\/uploads\/2022\/01\/1_oLwDBMc_iisSkUuzsYauyg-1024x725.png 1024w, https:\/\/maminfo.com.br\/wifi\/wp-content\/uploads\/2022\/01\/1_oLwDBMc_iisSkUuzsYauyg-768x544.png 768w\" sizes=\"(max-width: 1128px) 100vw, 1128px\" \/>\t\t\t\t\t\t\t\t\t\t\t\t\t\t\t<\/div>\n\t\t\t\t\t<\/div>\n\t\t<\/div>\n\t\t\t\t\t<\/div>\n\t\t<\/div>\n\t\t\t\t<div class=\"elementor-section elementor-top-section elementor-element elementor-element-0c7a171 elementor-section-content-middle elementor-section-boxed elementor-section-height-default elementor-section-height-default\" data-id=\"0c7a171\" data-element_type=\"section\">\n\t\t\t\t\t\t<div class=\"elementor-container elementor-column-gap-default\">\n\t\t\t\t\t<div class=\"elementor-column elementor-col-50 elementor-top-column elementor-element elementor-element-5e23d8d\" data-id=\"5e23d8d\" data-element_type=\"column\">\n\t\t\t<div class=\"elementor-widget-wrap elementor-element-populated\">\n\t\t\t\t\t\t<div class=\"elementor-element elementor-element-48b50e3 elementor-widget elementor-widget-heading\" data-id=\"48b50e3\" data-element_type=\"widget\" data-widget_type=\"heading.default\">\n\t\t\t\t\t<h2 class=\"elementor-heading-title elementor-size-default\">O que \u00e9 an\u00e1lise de espectro WiFi?<\/h2>\t\t\t\t<\/div>\n\t\t\t\t<div class=\"elementor-element elementor-element-f7a23fc elementor-widget elementor-widget-text-editor\" data-id=\"f7a23fc\" data-element_type=\"widget\" data-widget_type=\"text-editor.default\">\n\t\t\t\t\t\t\t\t\t<p>O servi\u00e7o de An\u00e1lise de Espectro WiFi\u00a0 \u00e9 a maneira mais f\u00e1cil de navegar pelas ondas de r\u00e1dio das suas instala\u00e7\u00f5es. O servi\u00e7o de An\u00e1lise de Espectro WiFi\u00a0 \u00e9 a maneira mais f\u00e1cil de navegar pelas ondas de r\u00e1dio das suas instala\u00e7\u00f5es.<\/p>\t\t\t\t\t\t\t\t<\/div>\n\t\t\t\t<div class=\"elementor-element elementor-element-a59a0a3 elementor-widget elementor-widget-button\" data-id=\"a59a0a3\" data-element_type=\"widget\" data-widget_type=\"button.default\">\n\t\t\t\t\t\t\t\t\t\t<a class=\"elementor-button elementor-button-link elementor-size-sm\" href=\"#fale-conosco\">\n\t\t\t\t\t\t<span class=\"elementor-button-content-wrapper\">\n\t\t\t\t\t\t\t\t\t<span class=\"elementor-button-text\">Entre em contato<\/span>\n\t\t\t\t\t<\/span>\n\t\t\t\t\t<\/a>\n\t\t\t\t\t\t\t\t<\/div>\n\t\t\t\t\t<\/div>\n\t\t<\/div>\n\t\t\t\t<div class=\"elementor-column elementor-col-50 elementor-top-column elementor-element elementor-element-04ba737\" data-id=\"04ba737\" data-element_type=\"column\" data-settings=\"{&quot;background_background&quot;:&quot;classic&quot;}\">\n\t\t\t<div class=\"elementor-widget-wrap elementor-element-populated\">\n\t\t\t\t\t\t<div class=\"elementor-element elementor-element-fb2f8a1 elementor-widget elementor-widget-spacer\" data-id=\"fb2f8a1\" data-element_type=\"widget\" data-widget_type=\"spacer.default\">\n\t\t\t\t\t\t\t<div class=\"elementor-spacer\">\n\t\t\t<div class=\"elementor-spacer-inner\"><\/div>\n\t\t<\/div>\n\t\t\t\t\t\t<\/div>\n\t\t\t\t\t<\/div>\n\t\t<\/div>\n\t\t\t\t\t<\/div>\n\t\t<\/div>\n\t\t\t\t<div class=\"elementor-section elementor-top-section elementor-element elementor-element-78c9250 elementor-section-content-middle elementor-reverse-mobile elementor-section-boxed elementor-section-height-default elementor-section-height-default\" data-id=\"78c9250\" data-element_type=\"section\">\n\t\t\t\t\t\t<div class=\"elementor-container elementor-column-gap-default\">\n\t\t\t\t\t<div class=\"elementor-column elementor-col-50 elementor-top-column elementor-element elementor-element-0f6f66f\" data-id=\"0f6f66f\" data-element_type=\"column\" data-settings=\"{&quot;background_background&quot;:&quot;classic&quot;}\">\n\t\t\t<div class=\"elementor-widget-wrap elementor-element-populated\">\n\t\t\t\t\t\t<div class=\"elementor-element elementor-element-620f1e2 elementor-widget elementor-widget-spacer\" data-id=\"620f1e2\" data-element_type=\"widget\" data-widget_type=\"spacer.default\">\n\t\t\t\t\t\t\t<div class=\"elementor-spacer\">\n\t\t\t<div class=\"elementor-spacer-inner\"><\/div>\n\t\t<\/div>\n\t\t\t\t\t\t<\/div>\n\t\t\t\t\t<\/div>\n\t\t<\/div>\n\t\t\t\t<div class=\"elementor-column elementor-col-50 elementor-top-column elementor-element elementor-element-2103a61\" data-id=\"2103a61\" data-element_type=\"column\">\n\t\t\t<div class=\"elementor-widget-wrap elementor-element-populated\">\n\t\t\t\t\t\t<div class=\"elementor-element elementor-element-0cb69ea elementor-widget elementor-widget-heading\" data-id=\"0cb69ea\" data-element_type=\"widget\" data-widget_type=\"heading.default\">\n\t\t\t\t\t<h2 class=\"elementor-heading-title elementor-size-default\">Quando devo fazer uma an\u00e1lise espectral?<\/h2>\t\t\t\t<\/div>\n\t\t\t\t<div class=\"elementor-element elementor-element-781a7aa elementor-widget elementor-widget-text-editor\" data-id=\"781a7aa\" data-element_type=\"widget\" data-widget_type=\"text-editor.default\">\n\t\t\t\t\t\t\t\t\t<p>Uma an\u00e1lise espectral de WiFi deve ser realizada v\u00e1rias vezes durante o ciclo de vida de uma rede WiFi. Primeiro, \u00e9 necess\u00e1rio analisar a \u00e1rea de implanta\u00e7\u00e3o para determinar se h\u00e1 algum tipo de interfer\u00eancia existente.<\/p>\t\t\t\t\t\t\t\t<\/div>\n\t\t\t\t<div class=\"elementor-element elementor-element-6823d21 elementor-widget elementor-widget-button\" data-id=\"6823d21\" data-element_type=\"widget\" data-widget_type=\"button.default\">\n\t\t\t\t\t\t\t\t\t\t<a class=\"elementor-button elementor-button-link elementor-size-sm\" href=\"#fale-conosco\">\n\t\t\t\t\t\t<span class=\"elementor-button-content-wrapper\">\n\t\t\t\t\t\t\t\t\t<span class=\"elementor-button-text\">Entre em contato<\/span>\n\t\t\t\t\t<\/span>\n\t\t\t\t\t<\/a>\n\t\t\t\t\t\t\t\t<\/div>\n\t\t\t\t\t<\/div>\n\t\t<\/div>\n\t\t\t\t\t<\/div>\n\t\t<\/div>\n\t\t\t\t<\/div>\n\t\t","protected":false},"excerpt":{"rendered":"<p>A an\u00e1lise de espectro WiFi \u00e9 o processo de medir o sinal WiFi em uma determinada \u00e1rea e determinar a sua for\u00e7a. Uma an\u00e1lise de espectro Wi-Fi \u00e9 normalmente realizada para buscar interfer\u00eancias que impactam negativamente o desempenho da rede sem fio a fim de elimin\u00e1-las. Entre em contato O que \u00e9 an\u00e1lise de espectro [&hellip;]<\/p>\n","protected":false},"author":1,"featured_media":0,"parent":0,"menu_order":0,"comment_status":"closed","ping_status":"closed","template":"elementor_header_footer","meta":{"_joinchat":[],"footnotes":""},"class_list":["post-15","page","type-page","status-publish","hentry"],"_links":{"self":[{"href":"https:\/\/maminfo.com.br\/wifi\/wp-json\/wp\/v2\/pages\/15","targetHints":{"allow":["GET"]}}],"collection":[{"href":"https:\/\/maminfo.com.br\/wifi\/wp-json\/wp\/v2\/pages"}],"about":[{"href":"https:\/\/maminfo.com.br\/wifi\/wp-json\/wp\/v2\/types\/page"}],"author":[{"embeddable":true,"href":"https:\/\/maminfo.com.br\/wifi\/wp-json\/wp\/v2\/users\/1"}],"replies":[{"embeddable":true,"href":"https:\/\/maminfo.com.br\/wifi\/wp-json\/wp\/v2\/comments?post=15"}],"version-history":[{"count":0,"href":"https:\/\/maminfo.com.br\/wifi\/wp-json\/wp\/v2\/pages\/15\/revisions"}],"wp:attachment":[{"href":"https:\/\/maminfo.com.br\/wifi\/wp-json\/wp\/v2\/media?parent=15"}],"curies":[{"name":"wp","href":"https:\/\/api.w.org\/{rel}","templated":true}]}}