{"id":11,"date":"2022-01-21T11:45:25","date_gmt":"2022-01-21T14:45:25","guid":{"rendered":"https:\/\/maminfo.com.br\/wifi\/?page_id=11"},"modified":"2022-02-07T11:20:30","modified_gmt":"2022-02-07T14:20:30","slug":"consultoria-em-wi-fi","status":"publish","type":"page","link":"https:\/\/maminfo.com.br\/wifi\/consultoria-em-wi-fi\/","title":{"rendered":"Consultoria em Wi-Fi"},"content":{"rendered":"\t\t<div data-elementor-type=\"wp-page\" data-elementor-id=\"11\" class=\"elementor elementor-11\" data-elementor-post-type=\"page\">\n\t\t\t\t\t\t<div class=\"elementor-section elementor-top-section elementor-element elementor-element-6b65028 elementor-section-height-min-height elementor-section-content-middle elementor-section-boxed elementor-section-height-default elementor-section-items-middle\" data-id=\"6b65028\" data-element_type=\"section\" data-settings=\"{&quot;background_background&quot;:&quot;classic&quot;}\">\n\t\t\t\t\t\t<div class=\"elementor-container elementor-column-gap-default\">\n\t\t\t\t\t<div class=\"elementor-column elementor-col-50 elementor-top-column elementor-element elementor-element-a496ff0\" data-id=\"a496ff0\" data-element_type=\"column\">\n\t\t\t<div class=\"elementor-widget-wrap elementor-element-populated\">\n\t\t\t\t\t\t<div class=\"elementor-element elementor-element-c102b41 elementor-widget elementor-widget-heading\" data-id=\"c102b41\" data-element_type=\"widget\" data-widget_type=\"heading.default\">\n\t\t\t\t\t<h2 class=\"elementor-heading-title elementor-size-default\">Consultoria\nWifi<\/h2>\t\t\t\t<\/div>\n\t\t\t\t<div class=\"elementor-element elementor-element-c3fe614 elementor-widget elementor-widget-heading\" data-id=\"c3fe614\" data-element_type=\"widget\" data-widget_type=\"heading.default\">\n\t\t\t\t\t<h2 class=\"elementor-heading-title elementor-size-default\">Reduza seus custos e aumente a seguran\u00e7a do seu ambiente de TI<\/h2>\t\t\t\t<\/div>\n\t\t\t\t<div class=\"elementor-element elementor-element-9b56e93 elementor-widget elementor-widget-text-editor\" data-id=\"9b56e93\" data-element_type=\"widget\" data-widget_type=\"text-editor.default\">\n\t\t\t\t\t\t\t\t\t<p>Independentemente do tamanho da sua empresa, ela precisa ter <br>uma <strong>rede de comunica\u00e7\u00e3o eficiente<\/strong>, capaz de assegurar n\u00e3o apenas a continuidade dos neg\u00f3cios, mas tamb\u00e9m uma <strong>experi\u00eancia cada <br>vez melhor<\/strong> aos seus clientes.<\/p>\t\t\t\t\t\t\t\t<\/div>\n\t\t\t\t<div class=\"elementor-element elementor-element-dcf3d80 elementor-mobile-align-center elementor-widget elementor-widget-button\" data-id=\"dcf3d80\" data-element_type=\"widget\" data-widget_type=\"button.default\">\n\t\t\t\t\t\t\t\t\t\t<a class=\"elementor-button elementor-button-link elementor-size-sm\" href=\"#fale-conosco\">\n\t\t\t\t\t\t<span class=\"elementor-button-content-wrapper\">\n\t\t\t\t\t\t\t\t\t<span class=\"elementor-button-text\">Entre em contato<\/span>\n\t\t\t\t\t<\/span>\n\t\t\t\t\t<\/a>\n\t\t\t\t\t\t\t\t<\/div>\n\t\t\t\t\t<\/div>\n\t\t<\/div>\n\t\t\t\t<div class=\"elementor-column elementor-col-50 elementor-top-column elementor-element elementor-element-aa2a9fe\" data-id=\"aa2a9fe\" data-element_type=\"column\" data-settings=\"{&quot;background_background&quot;:&quot;classic&quot;}\">\n\t\t\t<div class=\"elementor-widget-wrap elementor-element-populated\">\n\t\t\t\t\t\t<div class=\"elementor-element elementor-element-d191abc elementor-widget elementor-widget-image\" data-id=\"d191abc\" data-element_type=\"widget\" data-widget_type=\"image.default\">\n\t\t\t\t\t\t\t\t\t\t\t\t\t\t\t<img fetchpriority=\"high\" decoding=\"async\" width=\"500\" height=\"500\" src=\"https:\/\/maminfo.com.br\/wifi\/wp-content\/uploads\/2022\/01\/wifi.png\" class=\"attachment-full size-full wp-image-74\" alt=\"\" srcset=\"https:\/\/maminfo.com.br\/wifi\/wp-content\/uploads\/2022\/01\/wifi.png 500w, https:\/\/maminfo.com.br\/wifi\/wp-content\/uploads\/2022\/01\/wifi-300x300.png 300w, https:\/\/maminfo.com.br\/wifi\/wp-content\/uploads\/2022\/01\/wifi-150x150.png 150w\" sizes=\"(max-width: 500px) 100vw, 500px\" \/>\t\t\t\t\t\t\t\t\t\t\t\t\t\t\t<\/div>\n\t\t\t\t\t<\/div>\n\t\t<\/div>\n\t\t\t\t\t<\/div>\n\t\t<\/div>\n\t\t\t\t<div class=\"elementor-section elementor-top-section elementor-element elementor-element-9b842f5 elementor-section-content-middle elementor-section-boxed elementor-section-height-default elementor-section-height-default\" data-id=\"9b842f5\" data-element_type=\"section\">\n\t\t\t\t\t\t<div class=\"elementor-container elementor-column-gap-default\">\n\t\t\t\t\t<div class=\"elementor-column elementor-col-100 elementor-top-column elementor-element elementor-element-6ff0657\" data-id=\"6ff0657\" data-element_type=\"column\">\n\t\t\t<div class=\"elementor-widget-wrap elementor-element-populated\">\n\t\t\t\t\t\t<div class=\"elementor-element elementor-element-03aa17c elementor-widget elementor-widget-heading\" data-id=\"03aa17c\" data-element_type=\"widget\" data-widget_type=\"heading.default\">\n\t\t\t\t\t<h2 class=\"elementor-heading-title elementor-size-default\">Experi\u00eancia comprovada nos setores<\/h2>\t\t\t\t<\/div>\n\t\t\t\t<div class=\"elementor-section elementor-inner-section elementor-element elementor-element-2d15cf3 elementor-section-content-middle elementor-section-boxed elementor-section-height-default elementor-section-height-default\" data-id=\"2d15cf3\" data-element_type=\"section\">\n\t\t\t\t\t\t<div class=\"elementor-container elementor-column-gap-default\">\n\t\t\t\t\t<div class=\"elementor-column elementor-col-20 elementor-inner-column elementor-element elementor-element-3983a08\" data-id=\"3983a08\" data-element_type=\"column\">\n\t\t\t<div class=\"elementor-widget-wrap elementor-element-populated\">\n\t\t\t\t\t\t<div class=\"elementor-element elementor-element-6541d6b elementor-position-top elementor-widget elementor-widget-image-box\" data-id=\"6541d6b\" data-element_type=\"widget\" data-widget_type=\"image-box.default\">\n\t\t\t\t\t<div class=\"elementor-image-box-wrapper\"><figure class=\"elementor-image-box-img\"><img decoding=\"async\" width=\"512\" height=\"512\" src=\"https:\/\/maminfo.com.br\/wifi\/wp-content\/uploads\/2022\/01\/business-center.png\" class=\"attachment-full size-full wp-image-204\" alt=\"\" srcset=\"https:\/\/maminfo.com.br\/wifi\/wp-content\/uploads\/2022\/01\/business-center.png 512w, https:\/\/maminfo.com.br\/wifi\/wp-content\/uploads\/2022\/01\/business-center-300x300.png 300w, https:\/\/maminfo.com.br\/wifi\/wp-content\/uploads\/2022\/01\/business-center-150x150.png 150w\" sizes=\"(max-width: 512px) 100vw, 512px\" \/><\/figure><div class=\"elementor-image-box-content\"><h3 class=\"elementor-image-box-title\">Shopping<br> Center<\/h3><\/div><\/div>\t\t\t\t<\/div>\n\t\t\t\t\t<\/div>\n\t\t<\/div>\n\t\t\t\t<div class=\"elementor-column elementor-col-20 elementor-inner-column elementor-element elementor-element-3044544\" data-id=\"3044544\" data-element_type=\"column\">\n\t\t\t<div class=\"elementor-widget-wrap elementor-element-populated\">\n\t\t\t\t\t\t<div class=\"elementor-element elementor-element-2145ec8 elementor-position-top elementor-widget elementor-widget-image-box\" data-id=\"2145ec8\" data-element_type=\"widget\" data-widget_type=\"image-box.default\">\n\t\t\t\t\t<div class=\"elementor-image-box-wrapper\"><figure class=\"elementor-image-box-img\"><img decoding=\"async\" width=\"512\" height=\"512\" src=\"https:\/\/maminfo.com.br\/wifi\/wp-content\/uploads\/2022\/01\/hotel.png\" class=\"attachment-full size-full wp-image-209\" alt=\"\" srcset=\"https:\/\/maminfo.com.br\/wifi\/wp-content\/uploads\/2022\/01\/hotel.png 512w, https:\/\/maminfo.com.br\/wifi\/wp-content\/uploads\/2022\/01\/hotel-300x300.png 300w, https:\/\/maminfo.com.br\/wifi\/wp-content\/uploads\/2022\/01\/hotel-150x150.png 150w\" sizes=\"(max-width: 512px) 100vw, 512px\" \/><\/figure><div class=\"elementor-image-box-content\"><h3 class=\"elementor-image-box-title\">Rede <br>de H\u00f3teis<\/h3><\/div><\/div>\t\t\t\t<\/div>\n\t\t\t\t\t<\/div>\n\t\t<\/div>\n\t\t\t\t<div class=\"elementor-column elementor-col-20 elementor-inner-column elementor-element elementor-element-c463628\" data-id=\"c463628\" data-element_type=\"column\">\n\t\t\t<div class=\"elementor-widget-wrap elementor-element-populated\">\n\t\t\t\t\t\t<div class=\"elementor-element elementor-element-ab52565 elementor-position-top elementor-widget elementor-widget-image-box\" data-id=\"ab52565\" data-element_type=\"widget\" data-widget_type=\"image-box.default\">\n\t\t\t\t\t<div class=\"elementor-image-box-wrapper\"><figure class=\"elementor-image-box-img\"><img loading=\"lazy\" decoding=\"async\" width=\"512\" height=\"512\" src=\"https:\/\/maminfo.com.br\/wifi\/wp-content\/uploads\/2022\/01\/restaurants.png\" class=\"attachment-full size-full wp-image-210\" alt=\"\" srcset=\"https:\/\/maminfo.com.br\/wifi\/wp-content\/uploads\/2022\/01\/restaurants.png 512w, https:\/\/maminfo.com.br\/wifi\/wp-content\/uploads\/2022\/01\/restaurants-300x300.png 300w, https:\/\/maminfo.com.br\/wifi\/wp-content\/uploads\/2022\/01\/restaurants-150x150.png 150w\" sizes=\"(max-width: 512px) 100vw, 512px\" \/><\/figure><div class=\"elementor-image-box-content\"><h3 class=\"elementor-image-box-title\">Redes de \u00c1rea<br> de Alimenta\u00e7\u00e3o<\/h3><\/div><\/div>\t\t\t\t<\/div>\n\t\t\t\t\t<\/div>\n\t\t<\/div>\n\t\t\t\t<div class=\"elementor-column elementor-col-20 elementor-inner-column elementor-element elementor-element-8b543ae\" data-id=\"8b543ae\" data-element_type=\"column\">\n\t\t\t<div class=\"elementor-widget-wrap elementor-element-populated\">\n\t\t\t\t\t\t<div class=\"elementor-element elementor-element-3b318a3 elementor-position-top elementor-widget elementor-widget-image-box\" data-id=\"3b318a3\" data-element_type=\"widget\" data-widget_type=\"image-box.default\">\n\t\t\t\t\t<div class=\"elementor-image-box-wrapper\"><figure class=\"elementor-image-box-img\"><img loading=\"lazy\" decoding=\"async\" width=\"512\" height=\"512\" src=\"https:\/\/maminfo.com.br\/wifi\/wp-content\/uploads\/2022\/01\/placard.png\" class=\"attachment-full size-full wp-image-211\" alt=\"\" srcset=\"https:\/\/maminfo.com.br\/wifi\/wp-content\/uploads\/2022\/01\/placard.png 512w, https:\/\/maminfo.com.br\/wifi\/wp-content\/uploads\/2022\/01\/placard-300x300.png 300w, https:\/\/maminfo.com.br\/wifi\/wp-content\/uploads\/2022\/01\/placard-150x150.png 150w\" sizes=\"(max-width: 512px) 100vw, 512px\" \/><\/figure><div class=\"elementor-image-box-content\"><h3 class=\"elementor-image-box-title\">Eventos<\/h3><\/div><\/div>\t\t\t\t<\/div>\n\t\t\t\t\t<\/div>\n\t\t<\/div>\n\t\t\t\t<div class=\"elementor-column elementor-col-20 elementor-inner-column elementor-element elementor-element-c48e339\" data-id=\"c48e339\" data-element_type=\"column\">\n\t\t\t<div class=\"elementor-widget-wrap elementor-element-populated\">\n\t\t\t\t\t\t<div class=\"elementor-element elementor-element-ebd4c40 elementor-position-top elementor-widget elementor-widget-image-box\" data-id=\"ebd4c40\" data-element_type=\"widget\" data-widget_type=\"image-box.default\">\n\t\t\t\t\t<div class=\"elementor-image-box-wrapper\"><figure class=\"elementor-image-box-img\"><img loading=\"lazy\" decoding=\"async\" width=\"512\" height=\"512\" src=\"https:\/\/maminfo.com.br\/wifi\/wp-content\/uploads\/2022\/01\/factory.png\" class=\"attachment-full size-full wp-image-212\" alt=\"\" srcset=\"https:\/\/maminfo.com.br\/wifi\/wp-content\/uploads\/2022\/01\/factory.png 512w, https:\/\/maminfo.com.br\/wifi\/wp-content\/uploads\/2022\/01\/factory-300x300.png 300w, https:\/\/maminfo.com.br\/wifi\/wp-content\/uploads\/2022\/01\/factory-150x150.png 150w\" sizes=\"(max-width: 512px) 100vw, 512px\" \/><\/figure><div class=\"elementor-image-box-content\"><h3 class=\"elementor-image-box-title\">F\u00e1bricas<\/h3><\/div><\/div>\t\t\t\t<\/div>\n\t\t\t\t\t<\/div>\n\t\t<\/div>\n\t\t\t\t\t<\/div>\n\t\t<\/div>\n\t\t\t\t\t<\/div>\n\t\t<\/div>\n\t\t\t\t\t<\/div>\n\t\t<\/div>\n\t\t\t\t<div class=\"elementor-section elementor-top-section elementor-element elementor-element-1e4394d elementor-section-content-middle elementor-section-boxed elementor-section-height-default elementor-section-height-default\" data-id=\"1e4394d\" data-element_type=\"section\" data-settings=\"{&quot;background_background&quot;:&quot;classic&quot;}\">\n\t\t\t\t\t\t\t<div class=\"elementor-background-overlay\"><\/div>\n\t\t\t\t\t\t\t<div class=\"elementor-container elementor-column-gap-default\">\n\t\t\t\t\t<div class=\"elementor-column elementor-col-50 elementor-top-column elementor-element elementor-element-c980e82\" data-id=\"c980e82\" data-element_type=\"column\">\n\t\t\t<div class=\"elementor-widget-wrap elementor-element-populated\">\n\t\t\t\t\t\t<div class=\"elementor-element elementor-element-cee57d4 elementor-widget elementor-widget-heading\" data-id=\"cee57d4\" data-element_type=\"widget\" data-widget_type=\"heading.default\">\n\t\t\t\t\t<h2 class=\"elementor-heading-title elementor-size-default\">90% dos problemas de WiFi s\u00e3o causados por um planejamento de WiFi ruim<\/h2>\t\t\t\t<\/div>\n\t\t\t\t<div class=\"elementor-element elementor-element-3122d06 elementor-widget elementor-widget-heading\" data-id=\"3122d06\" data-element_type=\"widget\" data-widget_type=\"heading.default\">\n\t\t\t\t\t<h2 class=\"elementor-heading-title elementor-size-default\">Evite situa\u00e7\u00f5es como estas:<\/h2>\t\t\t\t<\/div>\n\t\t\t\t\t<\/div>\n\t\t<\/div>\n\t\t\t\t<div class=\"elementor-column elementor-col-50 elementor-top-column elementor-element elementor-element-bb700a2\" data-id=\"bb700a2\" data-element_type=\"column\">\n\t\t\t<div class=\"elementor-widget-wrap elementor-element-populated\">\n\t\t\t\t\t\t<div class=\"elementor-element elementor-element-65280fc elementor-widget elementor-widget-heading\" data-id=\"65280fc\" data-element_type=\"widget\" data-widget_type=\"heading.default\">\n\t\t\t\t\t<p class=\"elementor-heading-title elementor-size-default\">Rede sem fio lenta, caindo ou com sinal fraco<\/p>\t\t\t\t<\/div>\n\t\t\t\t<div class=\"elementor-element elementor-element-1e8bf9c elementor-widget elementor-widget-heading\" data-id=\"1e8bf9c\" data-element_type=\"widget\" data-widget_type=\"heading.default\">\n\t\t\t\t\t<p class=\"elementor-heading-title elementor-size-default\">Visitantes usando a mesma rede que acessa seus dados e sistemas<\/p>\t\t\t\t<\/div>\n\t\t\t\t<div class=\"elementor-element elementor-element-4aa5ef4 elementor-widget elementor-widget-heading\" data-id=\"4aa5ef4\" data-element_type=\"widget\" data-widget_type=\"heading.default\">\n\t\t\t\t\t<p class=\"elementor-heading-title elementor-size-default\">Contato falho ou inexistente entre a rede wireless e equipamentos aptos a conex\u00e3o<\/p>\t\t\t\t<\/div>\n\t\t\t\t\t<\/div>\n\t\t<\/div>\n\t\t\t\t\t<\/div>\n\t\t<\/div>\n\t\t\t\t<div class=\"elementor-section elementor-top-section elementor-element elementor-element-fd22fd6 elementor-section-content-middle elementor-section-boxed elementor-section-height-default elementor-section-height-default\" data-id=\"fd22fd6\" data-element_type=\"section\">\n\t\t\t\t\t\t<div class=\"elementor-container elementor-column-gap-default\">\n\t\t\t\t\t<div class=\"elementor-column elementor-col-100 elementor-top-column elementor-element elementor-element-c308b42\" data-id=\"c308b42\" data-element_type=\"column\">\n\t\t\t<div class=\"elementor-widget-wrap elementor-element-populated\">\n\t\t\t\t\t\t<div class=\"elementor-element elementor-element-18f8a84 elementor-widget elementor-widget-heading\" data-id=\"18f8a84\" data-element_type=\"widget\" data-widget_type=\"heading.default\">\n\t\t\t\t\t<h2 class=\"elementor-heading-title elementor-size-default\">Garanta o desempenho ideal do sistema com um design de WiFi preditivo ou pesquisa local de WiFi no local. <\/h2>\t\t\t\t<\/div>\n\t\t\t\t<div class=\"elementor-section elementor-inner-section elementor-element elementor-element-8e4b85e elementor-section-content-middle elementor-section-boxed elementor-section-height-default elementor-section-height-default\" data-id=\"8e4b85e\" data-element_type=\"section\">\n\t\t\t\t\t\t<div class=\"elementor-container elementor-column-gap-default\">\n\t\t\t\t\t<div class=\"elementor-column elementor-col-50 elementor-inner-column elementor-element elementor-element-557b000\" data-id=\"557b000\" data-element_type=\"column\">\n\t\t\t<div class=\"elementor-widget-wrap elementor-element-populated\">\n\t\t\t\t\t\t<div class=\"elementor-element elementor-element-4d77592 elementor-widget elementor-widget-text-editor\" data-id=\"4d77592\" data-element_type=\"widget\" data-widget_type=\"text-editor.default\">\n\t\t\t\t\t\t\t\t\t<ul><li>Cada design de WiFi \u00e9 personalizado para atender \u00e0s suas necessidades espec\u00edficas.<\/li><li>Arquitetado usando as pr\u00e1ticas recomendadas de seguran\u00e7a de rede mais recentes e pol\u00edticas baseadas em fun\u00e7\u00f5es.<\/li><\/ul>\t\t\t\t\t\t\t\t<\/div>\n\t\t\t\t\t<\/div>\n\t\t<\/div>\n\t\t\t\t<div class=\"elementor-column elementor-col-50 elementor-inner-column elementor-element elementor-element-6fa762e\" data-id=\"6fa762e\" data-element_type=\"column\">\n\t\t\t<div class=\"elementor-widget-wrap elementor-element-populated\">\n\t\t\t\t\t\t<div class=\"elementor-element elementor-element-1efdec7 elementor-widget elementor-widget-text-editor\" data-id=\"1efdec7\" data-element_type=\"widget\" data-widget_type=\"text-editor.default\">\n\t\t\t\t\t\t\t\t\t<ul><li>Projetado por engenheiros capacitados em redes com mais de 20 anos de experi\u00eancia em WiFi de n\u00edvel empresarial.<\/li><li>Dispon\u00edvel para empresas de todos os tamanhos e ambientes.<\/li><\/ul>\t\t\t\t\t\t\t\t<\/div>\n\t\t\t\t\t<\/div>\n\t\t<\/div>\n\t\t\t\t\t<\/div>\n\t\t<\/div>\n\t\t\t\t\t<\/div>\n\t\t<\/div>\n\t\t\t\t\t<\/div>\n\t\t<\/div>\n\t\t\t\t<div class=\"elementor-section elementor-top-section elementor-element elementor-element-7fce236 elementor-section-content-middle elementor-section-boxed elementor-section-height-default elementor-section-height-default\" data-id=\"7fce236\" data-element_type=\"section\" data-settings=\"{&quot;background_background&quot;:&quot;classic&quot;}\">\n\t\t\t\t\t\t\t<div class=\"elementor-background-overlay\"><\/div>\n\t\t\t\t\t\t\t<div class=\"elementor-container elementor-column-gap-default\">\n\t\t\t\t\t<div class=\"elementor-column elementor-col-100 elementor-top-column elementor-element elementor-element-a54ca23\" data-id=\"a54ca23\" data-element_type=\"column\" data-settings=\"{&quot;background_background&quot;:&quot;classic&quot;}\">\n\t\t\t<div class=\"elementor-widget-wrap elementor-element-populated\">\n\t\t\t\t\t<div class=\"elementor-background-overlay\"><\/div>\n\t\t\t\t\t\t<div class=\"elementor-element elementor-element-2a26920 elementor-widget elementor-widget-text-editor\" data-id=\"2a26920\" data-element_type=\"widget\" data-widget_type=\"text-editor.default\">\n\t\t\t\t\t\t\t\t\t<p>Nossos especialistas em redes wireless aconselhar\u00e3o sobre a defini\u00e7\u00e3o da estrat\u00e9gia e sobre a escolha das tecnologias mais adequadas para um projeto de rede wireless eficiente que atenda ao retorno<br \/>esperado do investimento.<\/p>\t\t\t\t\t\t\t\t<\/div>\n\t\t\t\t<div class=\"elementor-element elementor-element-4b12cc3 elementor-align-center elementor-widget elementor-widget-button\" data-id=\"4b12cc3\" data-element_type=\"widget\" data-widget_type=\"button.default\">\n\t\t\t\t\t\t\t\t\t\t<a class=\"elementor-button elementor-button-link elementor-size-sm\" href=\"#fale-conosco\">\n\t\t\t\t\t\t<span class=\"elementor-button-content-wrapper\">\n\t\t\t\t\t\t\t\t\t<span class=\"elementor-button-text\">Fale Conosco<\/span>\n\t\t\t\t\t<\/span>\n\t\t\t\t\t<\/a>\n\t\t\t\t\t\t\t\t<\/div>\n\t\t\t\t\t<\/div>\n\t\t<\/div>\n\t\t\t\t\t<\/div>\n\t\t<\/div>\n\t\t\t\t<\/div>\n\t\t","protected":false},"excerpt":{"rendered":"<p>Consultoria Wifi Reduza seus custos e aumente a seguran\u00e7a do seu ambiente de TI Independentemente do tamanho da sua empresa, ela precisa ter uma rede de comunica\u00e7\u00e3o eficiente, capaz de assegurar n\u00e3o apenas a continuidade dos neg\u00f3cios, mas tamb\u00e9m uma experi\u00eancia cada vez melhor aos seus clientes. Entre em contato Experi\u00eancia comprovada nos setores Shopping [&hellip;]<\/p>\n","protected":false},"author":1,"featured_media":0,"parent":0,"menu_order":0,"comment_status":"closed","ping_status":"closed","template":"elementor_header_footer","meta":{"_joinchat":[],"footnotes":""},"class_list":["post-11","page","type-page","status-publish","hentry"],"_links":{"self":[{"href":"https:\/\/maminfo.com.br\/wifi\/wp-json\/wp\/v2\/pages\/11","targetHints":{"allow":["GET"]}}],"collection":[{"href":"https:\/\/maminfo.com.br\/wifi\/wp-json\/wp\/v2\/pages"}],"about":[{"href":"https:\/\/maminfo.com.br\/wifi\/wp-json\/wp\/v2\/types\/page"}],"author":[{"embeddable":true,"href":"https:\/\/maminfo.com.br\/wifi\/wp-json\/wp\/v2\/users\/1"}],"replies":[{"embeddable":true,"href":"https:\/\/maminfo.com.br\/wifi\/wp-json\/wp\/v2\/comments?post=11"}],"version-history":[{"count":0,"href":"https:\/\/maminfo.com.br\/wifi\/wp-json\/wp\/v2\/pages\/11\/revisions"}],"wp:attachment":[{"href":"https:\/\/maminfo.com.br\/wifi\/wp-json\/wp\/v2\/media?parent=11"}],"curies":[{"name":"wp","href":"https:\/\/api.w.org\/{rel}","templated":true}]}}